{"id":1044,"date":"2024-11-22T19:46:10","date_gmt":"2024-11-22T19:46:10","guid":{"rendered":"https:\/\/ness-boutique.com\/?post_type=product&#038;p=1044"},"modified":"2025-01-21T16:16:05","modified_gmt":"2025-01-21T16:16:05","slug":"yuna-i-bague-en-acier-inoxydable","status":"publish","type":"product","link":"https:\/\/ness-boutique.com\/en\/product\/yuna-i-bague-en-acier-inoxydable\/","title":{"rendered":"Yuna I Bague en acier inoxydable"},"content":{"rendered":"<ul>\n<li>Mat\u00e9riau : Acier inoxydable<\/li>\n<li>Dimensions : R\u00e9glable<\/li>\n<li>Hypoallerg\u00e9nique<\/li>\n<li>R\u00e9siste \u00e0 l&rsquo;eau et ne noircit pas<\/li>\n<\/ul>","protected":false},"excerpt":{"rendered":"<p>Mat\u00e9riau : Acier inoxydable Dimensions : R\u00e9glable Hypoallerg\u00e9nique R\u00e9siste \u00e0 l&rsquo;eau et ne noircit pas<\/p>","protected":false},"featured_media":1005,"comment_status":"open","ping_status":"closed","template":"","meta":[],"product_cat":[74,87],"product_tag":[],"class_list":{"0":"post-1044","1":"product","2":"type-product","3":"status-publish","4":"has-post-thumbnail","6":"product_cat-accessoires","7":"product_cat-bagues","8":"pa_couleur-argent","9":"pa_couleur-or","11":"first","12":"instock","13":"shipping-taxable","14":"purchasable","15":"product-type-variable","16":"add-to-wishlist-after_add_to_cart"},"jetpack_sharing_enabled":true,"_links":{"self":[{"href":"https:\/\/ness-boutique.com\/en\/wp-json\/wp\/v2\/product\/1044","targetHints":{"allow":["GET"]}}],"collection":[{"href":"https:\/\/ness-boutique.com\/en\/wp-json\/wp\/v2\/product"}],"about":[{"href":"https:\/\/ness-boutique.com\/en\/wp-json\/wp\/v2\/types\/product"}],"replies":[{"embeddable":true,"href":"https:\/\/ness-boutique.com\/en\/wp-json\/wp\/v2\/comments?post=1044"}],"version-history":[{"count":3,"href":"https:\/\/ness-boutique.com\/en\/wp-json\/wp\/v2\/product\/1044\/revisions"}],"predecessor-version":[{"id":1049,"href":"https:\/\/ness-boutique.com\/en\/wp-json\/wp\/v2\/product\/1044\/revisions\/1049"}],"wp:featuredmedia":[{"embeddable":true,"href":"https:\/\/ness-boutique.com\/en\/wp-json\/wp\/v2\/media\/1005"}],"wp:attachment":[{"href":"https:\/\/ness-boutique.com\/en\/wp-json\/wp\/v2\/media?parent=1044"}],"wp:term":[{"taxonomy":"product_cat","embeddable":true,"href":"https:\/\/ness-boutique.com\/en\/wp-json\/wp\/v2\/product_cat?post=1044"},{"taxonomy":"product_tag","embeddable":true,"href":"https:\/\/ness-boutique.com\/en\/wp-json\/wp\/v2\/product_tag?post=1044"}],"curies":[{"name":"wp","href":"https:\/\/api.w.org\/{rel}","templated":true}]}}