{"id":1050,"date":"2024-11-22T20:09:42","date_gmt":"2024-11-22T20:09:42","guid":{"rendered":"https:\/\/ness-boutique.com\/?post_type=product&#038;p=1050"},"modified":"2025-01-21T16:15:00","modified_gmt":"2025-01-21T16:15:00","slug":"lisa-i-bague-en-acier-inoxydable","status":"publish","type":"product","link":"https:\/\/ness-boutique.com\/en\/product\/lisa-i-bague-en-acier-inoxydable\/","title":{"rendered":"Lisa I Bague en acier inoxydable"},"content":{"rendered":"<ul>\n<li>Mat\u00e9riau : Acier inoxydable<\/li>\n<li>Dimensions : R\u00e9glable<\/li>\n<li>Hypoallerg\u00e9nique<\/li>\n<li>R\u00e9siste \u00e0 l&rsquo;eau et ne noircit pas<\/li>\n<\/ul>","protected":false},"excerpt":{"rendered":"<p>Mat\u00e9riau : Acier inoxydable Dimensions : R\u00e9glable Hypoallerg\u00e9nique R\u00e9siste \u00e0 l&rsquo;eau et ne noircit pas<\/p>","protected":false},"featured_media":1012,"comment_status":"open","ping_status":"closed","template":"","meta":[],"product_cat":[74,87],"product_tag":[],"class_list":{"0":"post-1050","1":"product","2":"type-product","3":"status-publish","4":"has-post-thumbnail","6":"product_cat-accessoires","7":"product_cat-bagues","8":"pa_couleur-argent","9":"pa_couleur-or","11":"first","12":"instock","13":"shipping-taxable","14":"purchasable","15":"product-type-variable","16":"add-to-wishlist-after_add_to_cart"},"jetpack_sharing_enabled":true,"_links":{"self":[{"href":"https:\/\/ness-boutique.com\/en\/wp-json\/wp\/v2\/product\/1050","targetHints":{"allow":["GET"]}}],"collection":[{"href":"https:\/\/ness-boutique.com\/en\/wp-json\/wp\/v2\/product"}],"about":[{"href":"https:\/\/ness-boutique.com\/en\/wp-json\/wp\/v2\/types\/product"}],"replies":[{"embeddable":true,"href":"https:\/\/ness-boutique.com\/en\/wp-json\/wp\/v2\/comments?post=1050"}],"version-history":[{"count":1,"href":"https:\/\/ness-boutique.com\/en\/wp-json\/wp\/v2\/product\/1050\/revisions"}],"predecessor-version":[{"id":1053,"href":"https:\/\/ness-boutique.com\/en\/wp-json\/wp\/v2\/product\/1050\/revisions\/1053"}],"wp:featuredmedia":[{"embeddable":true,"href":"https:\/\/ness-boutique.com\/en\/wp-json\/wp\/v2\/media\/1012"}],"wp:attachment":[{"href":"https:\/\/ness-boutique.com\/en\/wp-json\/wp\/v2\/media?parent=1050"}],"wp:term":[{"taxonomy":"product_cat","embeddable":true,"href":"https:\/\/ness-boutique.com\/en\/wp-json\/wp\/v2\/product_cat?post=1050"},{"taxonomy":"product_tag","embeddable":true,"href":"https:\/\/ness-boutique.com\/en\/wp-json\/wp\/v2\/product_tag?post=1050"}],"curies":[{"name":"wp","href":"https:\/\/api.w.org\/{rel}","templated":true}]}}