{"id":1143,"date":"2024-11-27T20:37:53","date_gmt":"2024-11-27T20:37:53","guid":{"rendered":"https:\/\/ness-boutique.com\/?post_type=product&#038;p=1143"},"modified":"2025-04-26T15:35:03","modified_gmt":"2025-04-26T15:35:03","slug":"love-l-bracelet-jonc-boule-en-acier-inoxydable","status":"publish","type":"product","link":"https:\/\/ness-boutique.com\/en\/product\/love-l-bracelet-jonc-boule-en-acier-inoxydable\/","title":{"rendered":"Love l Bracelet jonc boule en acier inoxydable"},"content":{"rendered":"<ul>\n<li>Mat\u00e9riau : Acier inoxydable<\/li>\n<li>Dimension : R\u00e9glable<\/li>\n<li>Hypoallerg\u00e9nique<\/li>\n<li>R\u00e9siste \u00e0 l&rsquo;eau et ne noircit pas<\/li>\n<\/ul>","protected":false},"excerpt":{"rendered":"<p>Mat\u00e9riau : Acier inoxydable Dimension : R\u00e9glable Hypoallerg\u00e9nique R\u00e9siste \u00e0 l&rsquo;eau et ne noircit pas<\/p>","protected":false},"featured_media":1032,"comment_status":"open","ping_status":"closed","template":"","meta":[],"product_cat":[74,75],"product_tag":[],"class_list":{"0":"post-1143","1":"product","2":"type-product","3":"status-publish","4":"has-post-thumbnail","6":"product_cat-accessoires","7":"product_cat-bracelet","8":"pa_couleur-or","10":"first","11":"instock","12":"shipping-taxable","13":"purchasable","14":"product-type-simple","15":"add-to-wishlist-after_add_to_cart"},"jetpack_sharing_enabled":true,"_links":{"self":[{"href":"https:\/\/ness-boutique.com\/en\/wp-json\/wp\/v2\/product\/1143","targetHints":{"allow":["GET"]}}],"collection":[{"href":"https:\/\/ness-boutique.com\/en\/wp-json\/wp\/v2\/product"}],"about":[{"href":"https:\/\/ness-boutique.com\/en\/wp-json\/wp\/v2\/types\/product"}],"replies":[{"embeddable":true,"href":"https:\/\/ness-boutique.com\/en\/wp-json\/wp\/v2\/comments?post=1143"}],"version-history":[{"count":1,"href":"https:\/\/ness-boutique.com\/en\/wp-json\/wp\/v2\/product\/1143\/revisions"}],"predecessor-version":[{"id":1144,"href":"https:\/\/ness-boutique.com\/en\/wp-json\/wp\/v2\/product\/1143\/revisions\/1144"}],"wp:featuredmedia":[{"embeddable":true,"href":"https:\/\/ness-boutique.com\/en\/wp-json\/wp\/v2\/media\/1032"}],"wp:attachment":[{"href":"https:\/\/ness-boutique.com\/en\/wp-json\/wp\/v2\/media?parent=1143"}],"wp:term":[{"taxonomy":"product_cat","embeddable":true,"href":"https:\/\/ness-boutique.com\/en\/wp-json\/wp\/v2\/product_cat?post=1143"},{"taxonomy":"product_tag","embeddable":true,"href":"https:\/\/ness-boutique.com\/en\/wp-json\/wp\/v2\/product_tag?post=1143"}],"curies":[{"name":"wp","href":"https:\/\/api.w.org\/{rel}","templated":true}]}}